{"id":1439,"date":"2021-08-30T18:29:45","date_gmt":"2021-08-30T16:29:45","guid":{"rendered":"http:\/\/santamariaimmacolata.it\/?page_id=1439"},"modified":"2021-08-30T18:30:41","modified_gmt":"2021-08-30T16:30:41","slug":"grest-2021","status":"publish","type":"page","link":"https:\/\/santamariaimmacolata.it\/?page_id=1439","title":{"rendered":"Grest 2021"},"content":{"rendered":"<div class=\"kvgmc6g5 cxmmr5t8 oygrvhab hcukyx3x c1et5uql ii04i59q\">\n<div dir=\"auto\">Si \u00e8 conclusa venerd\u00ec 30 Luglio la bella esperienza estiva organizzata dai nostri oratori per i bambini e ragazzi delle nostre comunit\u00e0.<\/div>\n<\/div>\n<div dir=\"auto\"><\/div>\n<div dir=\"auto\"><img loading=\"lazy\" decoding=\"async\" class=\"alignleft size-medium wp-image-1434\" src=\"http:\/\/santamariaimmacolata.it\/wp-content\/uploads\/2021\/08\/Screenshot_20210801_171835_com.instagram.android-300x212.jpg\" alt=\"\" width=\"300\" height=\"212\" srcset=\"https:\/\/santamariaimmacolata.it\/wp-content\/uploads\/2021\/08\/Screenshot_20210801_171835_com.instagram.android-300x212.jpg 300w, https:\/\/santamariaimmacolata.it\/wp-content\/uploads\/2021\/08\/Screenshot_20210801_171835_com.instagram.android-1024x724.jpg 1024w, https:\/\/santamariaimmacolata.it\/wp-content\/uploads\/2021\/08\/Screenshot_20210801_171835_com.instagram.android-768x543.jpg 768w, https:\/\/santamariaimmacolata.it\/wp-content\/uploads\/2021\/08\/Screenshot_20210801_171835_com.instagram.android-640x453.jpg 640w, https:\/\/santamariaimmacolata.it\/wp-content\/uploads\/2021\/08\/Screenshot_20210801_171835_com.instagram.android.jpg 1080w\" sizes=\"(max-width: 300px) 100vw, 300px\" \/><\/div>\n<div class=\"kvgmc6g5 cxmmr5t8 oygrvhab hcukyx3x c1et5uql ii04i59q\">\n<div dir=\"auto\">Un immenso grazie va ai nostri animatori che si sono resi disponibili ad accompagnare i nostri ragazzi in questa Estate ancora segnata dalla pandemia e nel rispetto delle regole anti covid.<\/div>\n<div dir=\"auto\"><\/div>\n<div dir=\"auto\"><\/div>\n<div dir=\"auto\"><\/div>\n<div dir=\"auto\"><\/div>\n<div dir=\"auto\"><\/div>\n<div dir=\"auto\"><\/div>\n<div dir=\"auto\"><\/div>\n<div dir=\"auto\"><\/div>\n<div dir=\"auto\">\u00a0 \u00a0 \u00a0 \u00a0 \u00a0 \u00a0 \u00a0 \u00a0 \u00a0 \u00a0 \u00a0 \u00a0 \u00a0 \u00a0 \u00a0 \u00a0 \u00a0 \u00a0 \u00a0 \u00a0 \u00a0 \u00a0 \u00a0 \u00a0 \u00a0 \u00a0 \u00a0 \u00a0 \u00a0 \u00a0 \u00a0 \u00a0 \u00a0 \u00a0 \u00a0 \u00a0 \u00a0 \u00a0 \u00a0 \u00a0 \u00a0 Un grazie dobbiamo dirlo a tutte le famiglie che hanno creduto e credono nel potenziale educativo dei nostri oratori,<img loading=\"lazy\" decoding=\"async\" class=\"alignleft size-medium wp-image-1435\" src=\"http:\/\/santamariaimmacolata.it\/wp-content\/uploads\/2021\/08\/Screenshot_20210801_171900_com.instagram.android-300x290.jpg\" alt=\"\" width=\"300\" height=\"290\" srcset=\"https:\/\/santamariaimmacolata.it\/wp-content\/uploads\/2021\/08\/Screenshot_20210801_171900_com.instagram.android-300x290.jpg 300w, https:\/\/santamariaimmacolata.it\/wp-content\/uploads\/2021\/08\/Screenshot_20210801_171900_com.instagram.android-1024x990.jpg 1024w, https:\/\/santamariaimmacolata.it\/wp-content\/uploads\/2021\/08\/Screenshot_20210801_171900_com.instagram.android-768x742.jpg 768w, https:\/\/santamariaimmacolata.it\/wp-content\/uploads\/2021\/08\/Screenshot_20210801_171900_com.instagram.android-640x618.jpg 640w, https:\/\/santamariaimmacolata.it\/wp-content\/uploads\/2021\/08\/Screenshot_20210801_171900_com.instagram.android.jpg 1069w\" sizes=\"(max-width: 300px) 100vw, 300px\" \/> grazie a tutti coloro che hanno dato una mano per l\u2019organizzazione e la pulizia degli spazi, grazie ai genitori che hanno offerto agli educatori una bellissima gita al mare, e grazie anche ai bambini e ragazzi che hanno partecipato a questa bellissima avventura.<img loading=\"lazy\" decoding=\"async\" class=\"alignleft size-medium wp-image-1436\" src=\"http:\/\/santamariaimmacolata.it\/wp-content\/uploads\/2021\/08\/Screenshot_20210801_171928_com.instagram.android-300x257.jpg\" alt=\"\" width=\"300\" height=\"257\" srcset=\"https:\/\/santamariaimmacolata.it\/wp-content\/uploads\/2021\/08\/Screenshot_20210801_171928_com.instagram.android-300x257.jpg 300w, https:\/\/santamariaimmacolata.it\/wp-content\/uploads\/2021\/08\/Screenshot_20210801_171928_com.instagram.android-1024x877.jpg 1024w, https:\/\/santamariaimmacolata.it\/wp-content\/uploads\/2021\/08\/Screenshot_20210801_171928_com.instagram.android-768x658.jpg 768w, https:\/\/santamariaimmacolata.it\/wp-content\/uploads\/2021\/08\/Screenshot_20210801_171928_com.instagram.android-640x548.jpg 640w, https:\/\/santamariaimmacolata.it\/wp-content\/uploads\/2021\/08\/Screenshot_20210801_171928_com.instagram.android.jpg 1079w\" sizes=\"(max-width: 300px) 100vw, 300px\" \/><\/div>\n<\/div>\n<div class=\"o9v6fnle cxmmr5t8 oygrvhab hcukyx3x c1et5uql ii04i59q\">\n<div dir=\"auto\"><\/div>\n<div dir=\"auto\"><\/div>\n<div dir=\"auto\"><\/div>\n<div dir=\"auto\"><\/div>\n<div dir=\"auto\"><\/div>\n<div dir=\"auto\"><\/div>\n<div dir=\"auto\"><\/div>\n<div dir=\"auto\"><\/div>\n<div dir=\"auto\"><\/div>\n<div dir=\"auto\"><\/div>\n<div dir=\"auto\"><\/div>\n<div dir=\"auto\"><\/div>\n<div dir=\"auto\"><\/div>\n<div dir=\"auto\"><img loading=\"lazy\" decoding=\"async\" class=\"alignleft size-medium wp-image-1437\" src=\"http:\/\/santamariaimmacolata.it\/wp-content\/uploads\/2021\/08\/Screenshot_20210801_171949_com.instagram.android-300x292.jpg\" alt=\"\" width=\"300\" height=\"292\" srcset=\"https:\/\/santamariaimmacolata.it\/wp-content\/uploads\/2021\/08\/Screenshot_20210801_171949_com.instagram.android-300x292.jpg 300w, https:\/\/santamariaimmacolata.it\/wp-content\/uploads\/2021\/08\/Screenshot_20210801_171949_com.instagram.android-1024x998.jpg 1024w, https:\/\/santamariaimmacolata.it\/wp-content\/uploads\/2021\/08\/Screenshot_20210801_171949_com.instagram.android-768x749.jpg 768w, https:\/\/santamariaimmacolata.it\/wp-content\/uploads\/2021\/08\/Screenshot_20210801_171949_com.instagram.android-640x624.jpg 640w, https:\/\/santamariaimmacolata.it\/wp-content\/uploads\/2021\/08\/Screenshot_20210801_171949_com.instagram.android.jpg 1070w\" sizes=\"(max-width: 300px) 100vw, 300px\" \/><img loading=\"lazy\" decoding=\"async\" class=\"alignleft size-medium wp-image-1438\" src=\"http:\/\/santamariaimmacolata.it\/wp-content\/uploads\/2021\/08\/Screenshot_20210801_171914_com.instagram.android-300x253.jpg\" alt=\"\" width=\"300\" height=\"253\" srcset=\"https:\/\/santamariaimmacolata.it\/wp-content\/uploads\/2021\/08\/Screenshot_20210801_171914_com.instagram.android-300x253.jpg 300w, https:\/\/santamariaimmacolata.it\/wp-content\/uploads\/2021\/08\/Screenshot_20210801_171914_com.instagram.android-1024x864.jpg 1024w, https:\/\/santamariaimmacolata.it\/wp-content\/uploads\/2021\/08\/Screenshot_20210801_171914_com.instagram.android-768x648.jpg 768w, https:\/\/santamariaimmacolata.it\/wp-content\/uploads\/2021\/08\/Screenshot_20210801_171914_com.instagram.android-640x540.jpg 640w, https:\/\/santamariaimmacolata.it\/wp-content\/uploads\/2021\/08\/Screenshot_20210801_171914_com.instagram.android.jpg 1080w\" sizes=\"(max-width: 300px) 100vw, 300px\" \/><\/div>\n<div dir=\"auto\"><\/div>\n<div dir=\"auto\"><\/div>\n<div dir=\"auto\"><\/div>\n<div dir=\"auto\"><\/div>\n<div dir=\"auto\"><\/div>\n<div dir=\"auto\"><\/div>\n<div dir=\"auto\"><\/div>\n<div dir=\"auto\"><\/div>\n<div dir=\"auto\"><\/div>\n<div dir=\"auto\"><\/div>\n<div dir=\"auto\"><\/div>\n<div dir=\"auto\"><\/div>\n<div dir=\"auto\"><\/div>\n<div dir=\"auto\">Ci auguriamo che questo possa essere il segno della vera ripartenza che non pu\u00f2 che partire dai giovani.<\/div>\n<\/div>\n<div class=\"o9v6fnle cxmmr5t8 oygrvhab hcukyx3x c1et5uql ii04i59q\">\n<div dir=\"auto\">Avanti tutta!!!<\/div>\n<\/div>\n","protected":false},"excerpt":{"rendered":"<p>Si \u00e8 conclusa venerd\u00ec 30 Luglio la bella esperienza estiva organizzata dai nostri oratori per i bambini e ragazzi delle nostre comunit\u00e0. Un immenso grazie va ai nostri animatori che [&hellip;]<\/p>\n","protected":false},"author":1,"featured_media":1364,"parent":0,"menu_order":0,"comment_status":"closed","ping_status":"closed","template":"","meta":{"footnotes":""},"yoast_head":"<!-- This site is optimized with the Yoast SEO plugin v14.7 - https:\/\/yoast.com\/wordpress\/plugins\/seo\/ -->\n<title>Grest 2021 - Santa Maria Immacolata<\/title>\n<meta name=\"robots\" content=\"index, follow\" \/>\n<meta name=\"googlebot\" content=\"index, follow, max-snippet:-1, max-image-preview:large, max-video-preview:-1\" \/>\n<meta name=\"bingbot\" content=\"index, follow, max-snippet:-1, max-image-preview:large, max-video-preview:-1\" \/>\n<link rel=\"canonical\" href=\"http:\/\/santamariaimmacolata.it\/?page_id=1439\" \/>\n<meta property=\"og:locale\" content=\"it_IT\" \/>\n<meta property=\"og:type\" content=\"article\" \/>\n<meta property=\"og:title\" content=\"Grest 2021 - Santa Maria Immacolata\" \/>\n<meta property=\"og:description\" content=\"Si \u00e8 conclusa venerd\u00ec 30 Luglio la bella esperienza estiva organizzata dai nostri oratori per i bambini e ragazzi delle nostre comunit\u00e0. Un immenso grazie va ai nostri animatori che [&hellip;]\" \/>\n<meta property=\"og:url\" content=\"http:\/\/santamariaimmacolata.it\/?page_id=1439\" \/>\n<meta property=\"og:site_name\" content=\"Santa Maria Immacolata\" \/>\n<meta property=\"article:modified_time\" content=\"2021-08-30T16:30:41+00:00\" \/>\n<meta property=\"og:image\" content=\"https:\/\/santamariaimmacolata.it\/wp-content\/uploads\/2021\/05\/locandina-grest-.jpg\" \/>\n\t<meta property=\"og:image:width\" content=\"1001\" \/>\n\t<meta property=\"og:image:height\" content=\"742\" \/>\n<meta name=\"twitter:card\" content=\"summary_large_image\" \/>\n<script type=\"application\/ld+json\" class=\"yoast-schema-graph\">{\"@context\":\"https:\/\/schema.org\",\"@graph\":[{\"@type\":\"WebSite\",\"@id\":\"https:\/\/santamariaimmacolata.it\/#website\",\"url\":\"https:\/\/santamariaimmacolata.it\/\",\"name\":\"Santa Maria Immacolata\",\"description\":\"Unit\\u00e0 Pastorale di Rivarolo Mantovano, Cividale e Spineda\",\"potentialAction\":[{\"@type\":\"SearchAction\",\"target\":\"https:\/\/santamariaimmacolata.it\/?s={search_term_string}\",\"query-input\":\"required name=search_term_string\"}],\"inLanguage\":\"it-IT\"},{\"@type\":\"ImageObject\",\"@id\":\"http:\/\/santamariaimmacolata.it\/?page_id=1439#primaryimage\",\"inLanguage\":\"it-IT\",\"url\":\"https:\/\/santamariaimmacolata.it\/wp-content\/uploads\/2021\/05\/locandina-grest-.jpg\",\"width\":1001,\"height\":742},{\"@type\":\"WebPage\",\"@id\":\"http:\/\/santamariaimmacolata.it\/?page_id=1439#webpage\",\"url\":\"http:\/\/santamariaimmacolata.it\/?page_id=1439\",\"name\":\"Grest 2021 - Santa Maria Immacolata\",\"isPartOf\":{\"@id\":\"https:\/\/santamariaimmacolata.it\/#website\"},\"primaryImageOfPage\":{\"@id\":\"http:\/\/santamariaimmacolata.it\/?page_id=1439#primaryimage\"},\"datePublished\":\"2021-08-30T16:29:45+00:00\",\"dateModified\":\"2021-08-30T16:30:41+00:00\",\"inLanguage\":\"it-IT\",\"potentialAction\":[{\"@type\":\"ReadAction\",\"target\":[\"http:\/\/santamariaimmacolata.it\/?page_id=1439\"]}]}]}<\/script>\n<!-- \/ Yoast SEO plugin. -->","_links":{"self":[{"href":"https:\/\/santamariaimmacolata.it\/index.php?rest_route=\/wp\/v2\/pages\/1439"}],"collection":[{"href":"https:\/\/santamariaimmacolata.it\/index.php?rest_route=\/wp\/v2\/pages"}],"about":[{"href":"https:\/\/santamariaimmacolata.it\/index.php?rest_route=\/wp\/v2\/types\/page"}],"author":[{"embeddable":true,"href":"https:\/\/santamariaimmacolata.it\/index.php?rest_route=\/wp\/v2\/users\/1"}],"replies":[{"embeddable":true,"href":"https:\/\/santamariaimmacolata.it\/index.php?rest_route=%2Fwp%2Fv2%2Fcomments&post=1439"}],"version-history":[{"count":1,"href":"https:\/\/santamariaimmacolata.it\/index.php?rest_route=\/wp\/v2\/pages\/1439\/revisions"}],"predecessor-version":[{"id":1441,"href":"https:\/\/santamariaimmacolata.it\/index.php?rest_route=\/wp\/v2\/pages\/1439\/revisions\/1441"}],"wp:featuredmedia":[{"embeddable":true,"href":"https:\/\/santamariaimmacolata.it\/index.php?rest_route=\/wp\/v2\/media\/1364"}],"wp:attachment":[{"href":"https:\/\/santamariaimmacolata.it\/index.php?rest_route=%2Fwp%2Fv2%2Fmedia&parent=1439"}],"curies":[{"name":"wp","href":"https:\/\/api.w.org\/{rel}","templated":true}]}}