{"id":552,"date":"2019-06-10T21:49:50","date_gmt":"2019-06-10T19:49:50","guid":{"rendered":"http:\/\/santamariaimmacolata.it\/?page_id=552"},"modified":"2019-07-01T11:50:55","modified_gmt":"2019-07-01T09:50:55","slug":"grest-2019","status":"publish","type":"page","link":"https:\/\/santamariaimmacolata.it\/?page_id=552","title":{"rendered":"Grest 2019"},"content":{"rendered":"<p>Benvenuti nella pagina del Grest. Qu\u00ec potete trovare tutte le informazioni riguardo l&#8217;attivit\u00e0 del Grest, eventuali comunicazioni e modifiche di programma. In pi\u00f9 ogni giorno vi proponiamo un resoconto della giornata passata insieme. Restate aggiornati!<\/p>\n<p><a href=\"http:\/\/santamariaimmacolata.it\/wp-content\/uploads\/2019\/07\/Grest-2019.mp4\">VIDEO FOTO GREST 2019<\/a><\/p>\n<p><a href=\"http:\/\/santamariaimmacolata.it\/wp-content\/uploads\/2019\/06\/Venerd\u00ec-28-Giugno-2019.pdf\">Venerd\u00ec 28 Giugno 2019<\/a><\/p>\n<p><a href=\"http:\/\/santamariaimmacolata.it\/wp-content\/uploads\/2019\/06\/Gioved\u00ec-27-Giugno-2019.pdf\">Gioved\u00ec 27 Giugno 2019<\/a><\/p>\n<p><a href=\"http:\/\/santamariaimmacolata.it\/wp-content\/uploads\/2019\/06\/Mercoled\u00ec-26-Giugno-2019.pdf\">Mercoled\u00ec 26 Giugno 2019<\/a><\/p>\n<p><a href=\"http:\/\/santamariaimmacolata.it\/wp-content\/uploads\/2019\/06\/Marted\u00ec-25-Giugno-2019.pdf\">Marted\u00ec 25 Giugno 2019<\/a><\/p>\n<p><a href=\"http:\/\/santamariaimmacolata.it\/wp-content\/uploads\/2019\/06\/Luned\u00ec-24-Giugno-2019.pdf\">Luned\u00ec 24 Giugno 2019<\/a><\/p>\n<p><a href=\"http:\/\/santamariaimmacolata.it\/wp-content\/uploads\/2019\/06\/Venerd\u00ec-21-Giugno-2019.pdf\">Venerd\u00ec 21 Giugno 2019<\/a><\/p>\n<p><a href=\"http:\/\/santamariaimmacolata.it\/wp-content\/uploads\/2019\/06\/Gioved\u00ec-20-Giugno-2019.pdf\">Gioved\u00ec 20 Giugno 2019<\/a><\/p>\n<p><a href=\"http:\/\/santamariaimmacolata.it\/wp-content\/uploads\/2019\/06\/Mercoled\u00ec-19-Giugno-2019.pdf\">Mercoled\u00ec 19 Giugno 2019<\/a><\/p>\n<p><a href=\"http:\/\/santamariaimmacolata.it\/wp-content\/uploads\/2019\/06\/Marted\u00ec-18-Giugno-2019.pdf\">Marted\u00ec 18 Giugno 2019<\/a><\/p>\n<p><a href=\"http:\/\/santamariaimmacolata.it\/wp-content\/uploads\/2019\/06\/Luned\u00ec-17-Giugno-2019.pdf\">Luned\u00ec 17 Giugno 2019<\/a><\/p>\n<p><a href=\"http:\/\/santamariaimmacolata.it\/wp-content\/uploads\/2019\/06\/Venerd\u00ec-14-Giugno-2019.pdf\">Venerd\u00ec 14 Giugno 2019<\/a><\/p>\n<p><a href=\"http:\/\/santamariaimmacolata.it\/wp-content\/uploads\/2019\/06\/Gioved\u00ec-13-Giugno-CORRETTO.pdf\">Gioved\u00ec 13 Giugno 2019<\/a><\/p>\n<p><a href=\"http:\/\/santamariaimmacolata.it\/wp-content\/uploads\/2019\/06\/Mercoled\u00ec-12-Giugno-2019.pdf\">Mercoled\u00ec 12 Giugno 2019<\/a><\/p>\n<p><a href=\"http:\/\/santamariaimmacolata.it\/wp-content\/uploads\/2019\/06\/Marted\u00ec-11-Giugno-2019.pdf\">Marted\u00ec 11 Giugno 2019<\/a><\/p>\n<p><a href=\"http:\/\/santamariaimmacolata.it\/wp-content\/uploads\/2019\/06\/Luned\u00ec-10-Giugno-2019.pdf\">Luned\u00ec 10 Giugno 2019<\/a><\/p>\n","protected":false},"excerpt":{"rendered":"<p>Benvenuti nella pagina del Grest. Qu\u00ec potete trovare tutte le informazioni riguardo l&#8217;attivit\u00e0 del Grest, eventuali comunicazioni e modifiche di programma. In pi\u00f9 ogni giorno vi proponiamo un resoconto della [&hellip;]<\/p>\n","protected":false},"author":1,"featured_media":0,"parent":0,"menu_order":0,"comment_status":"closed","ping_status":"closed","template":"","meta":{"footnotes":""},"yoast_head":"<!-- This site is optimized with the Yoast SEO plugin v14.7 - https:\/\/yoast.com\/wordpress\/plugins\/seo\/ -->\n<title>Grest 2019 - Santa Maria Immacolata<\/title>\n<meta name=\"robots\" content=\"index, follow\" \/>\n<meta name=\"googlebot\" content=\"index, follow, max-snippet:-1, max-image-preview:large, max-video-preview:-1\" \/>\n<meta name=\"bingbot\" content=\"index, follow, max-snippet:-1, max-image-preview:large, max-video-preview:-1\" \/>\n<link rel=\"canonical\" href=\"http:\/\/santamariaimmacolata.it\/?page_id=552\" \/>\n<meta property=\"og:locale\" content=\"it_IT\" \/>\n<meta property=\"og:type\" content=\"article\" \/>\n<meta property=\"og:title\" content=\"Grest 2019 - Santa Maria Immacolata\" \/>\n<meta property=\"og:description\" content=\"Benvenuti nella pagina del Grest. Qu\u00ec potete trovare tutte le informazioni riguardo l&#8217;attivit\u00e0 del Grest, eventuali comunicazioni e modifiche di programma. In pi\u00f9 ogni giorno vi proponiamo un resoconto della [&hellip;]\" \/>\n<meta property=\"og:url\" content=\"http:\/\/santamariaimmacolata.it\/?page_id=552\" \/>\n<meta property=\"og:site_name\" content=\"Santa Maria Immacolata\" \/>\n<meta property=\"article:modified_time\" content=\"2019-07-01T09:50:55+00:00\" \/>\n<meta name=\"twitter:card\" content=\"summary_large_image\" \/>\n<script type=\"application\/ld+json\" class=\"yoast-schema-graph\">{\"@context\":\"https:\/\/schema.org\",\"@graph\":[{\"@type\":\"WebSite\",\"@id\":\"https:\/\/santamariaimmacolata.it\/#website\",\"url\":\"https:\/\/santamariaimmacolata.it\/\",\"name\":\"Santa Maria Immacolata\",\"description\":\"Unit\\u00e0 Pastorale di Rivarolo Mantovano, Cividale e Spineda\",\"potentialAction\":[{\"@type\":\"SearchAction\",\"target\":\"https:\/\/santamariaimmacolata.it\/?s={search_term_string}\",\"query-input\":\"required name=search_term_string\"}],\"inLanguage\":\"it-IT\"},{\"@type\":\"WebPage\",\"@id\":\"http:\/\/santamariaimmacolata.it\/?page_id=552#webpage\",\"url\":\"http:\/\/santamariaimmacolata.it\/?page_id=552\",\"name\":\"Grest 2019 - Santa Maria Immacolata\",\"isPartOf\":{\"@id\":\"https:\/\/santamariaimmacolata.it\/#website\"},\"datePublished\":\"2019-06-10T19:49:50+00:00\",\"dateModified\":\"2019-07-01T09:50:55+00:00\",\"inLanguage\":\"it-IT\",\"potentialAction\":[{\"@type\":\"ReadAction\",\"target\":[\"http:\/\/santamariaimmacolata.it\/?page_id=552\"]}]}]}<\/script>\n<!-- \/ Yoast SEO plugin. -->","_links":{"self":[{"href":"https:\/\/santamariaimmacolata.it\/index.php?rest_route=\/wp\/v2\/pages\/552"}],"collection":[{"href":"https:\/\/santamariaimmacolata.it\/index.php?rest_route=\/wp\/v2\/pages"}],"about":[{"href":"https:\/\/santamariaimmacolata.it\/index.php?rest_route=\/wp\/v2\/types\/page"}],"author":[{"embeddable":true,"href":"https:\/\/santamariaimmacolata.it\/index.php?rest_route=\/wp\/v2\/users\/1"}],"replies":[{"embeddable":true,"href":"https:\/\/santamariaimmacolata.it\/index.php?rest_route=%2Fwp%2Fv2%2Fcomments&post=552"}],"version-history":[{"count":19,"href":"https:\/\/santamariaimmacolata.it\/index.php?rest_route=\/wp\/v2\/pages\/552\/revisions"}],"predecessor-version":[{"id":606,"href":"https:\/\/santamariaimmacolata.it\/index.php?rest_route=\/wp\/v2\/pages\/552\/revisions\/606"}],"wp:attachment":[{"href":"https:\/\/santamariaimmacolata.it\/index.php?rest_route=%2Fwp%2Fv2%2Fmedia&parent=552"}],"curies":[{"name":"wp","href":"https:\/\/api.w.org\/{rel}","templated":true}]}}