{"id":913,"date":"2020-04-28T10:05:57","date_gmt":"2020-04-28T08:05:57","guid":{"rendered":"http:\/\/santamariaimmacolata.it\/?page_id=913"},"modified":"2020-04-28T10:05:57","modified_gmt":"2020-04-28T08:05:57","slug":"san-salvatore-spineda","status":"publish","type":"page","link":"https:\/\/santamariaimmacolata.it\/?page_id=913","title":{"rendered":"San Salvatore &#8211; Spineda"},"content":{"rendered":"<p style=\"text-align: justify;\">Molto probabilmente furono i monaci benedettini di Leno (BS) a fondare a Spineda la prima chiesa dedicata al Santo Salvatore, come dimostra una bolla pontificia di Gregorio VII (17 agosto 1177) nella quale tra i luoghi dipendenti da Leno era citata anche Spineda. Non \u00e8 dato sapere notizie anteriori a questo periodo; infatti il documento pi\u00f9 antico contenuto nel nostro archivio parrocchiale \u00e8 il primo registro dei nati e battezzati incominciato nel 1564 dall&#8217;allora parroco di Spineda don Gaspare Malfatto.<\/p>\n<p style=\"text-align: justify;\">Mantenuti l&#8217;attuale Coro e Presbiterio risalenti al 1816, nel 1837 su progetto dell&#8217;architetto sabbionetano Carlo Domenico Visioli, inizi\u00f2 la costruzione dell&#8217;attuale chiesa, la quale fu rapidamente portata a termine in circa 6 anni (1843).<\/p>\n<p style=\"text-align: justify;\">L&#8217;attuale edificio ha una lunghezza di circa 30 metri e una larghezza di circa 20, mentre l&#8217;altezza in gronda del corpo pi\u00f9 alto \u00e8 di circa 21 metri. La chiesa \u00e8 dotata di una torre campanaria in stile romanico a pianta quadrata con cupola affusolata e tiburio a forma ottagonale, la cui altezza \u00e8 di circa 31 metri.<\/p>\n<p style=\"text-align: justify;\">La nostra Chiesa, che ricorda in piccolo il Duomo di Casalmaggiore dell&#8217;architetto Zuccari, \u00e8 rimasta inalterata nell&#8217;organismo strutturale come nell&#8217;apparato decorativo interno. \u00c8 di stile neoclassico a croce greca con cupola e cupoletta con l&#8217;aggiunta del presbiterio ed \u00e8 spaziosa e ben formata nelle sue parti. L&#8217;altare maggiore e le balaustre di marmo policromo sono le opere di maggior pregio e rilievo. Vi sono ancora due altari laterali con nicchie e statue senza sfondo ma poggiati al muro, con colonne e pareti a stucco. Vi si ammirano quadri di discreto valore quali: il Battesimo, la Nativit\u00e0, la Resurrezione di Ges\u00f9, i Misteri del Santo Rosario, la Trasfigurazione e una pregiata Via Crucis.<img loading=\"lazy\" decoding=\"async\" class=\"size-medium wp-image-894 aligncenter\" src=\"http:\/\/santamariaimmacolata.it\/wp-content\/uploads\/2020\/04\/Spineda_Cr_-_Chiesa_Parrocchiale_di_San_Salvatore_04-225x300.jpg\" alt=\"\" width=\"225\" height=\"300\" srcset=\"https:\/\/santamariaimmacolata.it\/wp-content\/uploads\/2020\/04\/Spineda_Cr_-_Chiesa_Parrocchiale_di_San_Salvatore_04-225x300.jpg 225w, https:\/\/santamariaimmacolata.it\/wp-content\/uploads\/2020\/04\/Spineda_Cr_-_Chiesa_Parrocchiale_di_San_Salvatore_04-640x853.jpg 640w, https:\/\/santamariaimmacolata.it\/wp-content\/uploads\/2020\/04\/Spineda_Cr_-_Chiesa_Parrocchiale_di_San_Salvatore_04.jpg 768w\" sizes=\"(max-width: 225px) 100vw, 225px\" \/><\/p>\n","protected":false},"excerpt":{"rendered":"<p>Molto probabilmente furono i monaci benedettini di Leno (BS) a fondare a Spineda la prima chiesa dedicata al Santo Salvatore, come dimostra una bolla pontificia di Gregorio VII (17 agosto [&hellip;]<\/p>\n","protected":false},"author":1,"featured_media":0,"parent":0,"menu_order":0,"comment_status":"closed","ping_status":"closed","template":"","meta":{"footnotes":""},"yoast_head":"<!-- This site is optimized with the Yoast SEO plugin v14.7 - https:\/\/yoast.com\/wordpress\/plugins\/seo\/ -->\n<title>San Salvatore - Spineda - Santa Maria Immacolata<\/title>\n<meta name=\"robots\" content=\"index, follow\" \/>\n<meta name=\"googlebot\" content=\"index, follow, max-snippet:-1, max-image-preview:large, max-video-preview:-1\" \/>\n<meta name=\"bingbot\" content=\"index, follow, max-snippet:-1, max-image-preview:large, max-video-preview:-1\" \/>\n<link rel=\"canonical\" href=\"http:\/\/santamariaimmacolata.it\/?page_id=913\" \/>\n<meta property=\"og:locale\" content=\"it_IT\" \/>\n<meta property=\"og:type\" content=\"article\" \/>\n<meta property=\"og:title\" content=\"San Salvatore - Spineda - Santa Maria Immacolata\" \/>\n<meta property=\"og:description\" content=\"Molto probabilmente furono i monaci benedettini di Leno (BS) a fondare a Spineda la prima chiesa dedicata al Santo Salvatore, come dimostra una bolla pontificia di Gregorio VII (17 agosto [&hellip;]\" \/>\n<meta property=\"og:url\" content=\"http:\/\/santamariaimmacolata.it\/?page_id=913\" \/>\n<meta property=\"og:site_name\" content=\"Santa Maria Immacolata\" \/>\n<meta property=\"og:image\" content=\"http:\/\/santamariaimmacolata.it\/wp-content\/uploads\/2020\/04\/Spineda_Cr_-_Chiesa_Parrocchiale_di_San_Salvatore_04-225x300.jpg\" \/>\n<meta name=\"twitter:card\" content=\"summary_large_image\" \/>\n<script type=\"application\/ld+json\" class=\"yoast-schema-graph\">{\"@context\":\"https:\/\/schema.org\",\"@graph\":[{\"@type\":\"WebSite\",\"@id\":\"https:\/\/santamariaimmacolata.it\/#website\",\"url\":\"https:\/\/santamariaimmacolata.it\/\",\"name\":\"Santa Maria Immacolata\",\"description\":\"Unit\\u00e0 Pastorale di Rivarolo Mantovano, Cividale e Spineda\",\"potentialAction\":[{\"@type\":\"SearchAction\",\"target\":\"https:\/\/santamariaimmacolata.it\/?s={search_term_string}\",\"query-input\":\"required name=search_term_string\"}],\"inLanguage\":\"it-IT\"},{\"@type\":\"ImageObject\",\"@id\":\"http:\/\/santamariaimmacolata.it\/?page_id=913#primaryimage\",\"inLanguage\":\"it-IT\",\"url\":\"http:\/\/santamariaimmacolata.it\/wp-content\/uploads\/2020\/04\/Spineda_Cr_-_Chiesa_Parrocchiale_di_San_Salvatore_04-225x300.jpg\"},{\"@type\":\"WebPage\",\"@id\":\"http:\/\/santamariaimmacolata.it\/?page_id=913#webpage\",\"url\":\"http:\/\/santamariaimmacolata.it\/?page_id=913\",\"name\":\"San Salvatore - Spineda - Santa Maria Immacolata\",\"isPartOf\":{\"@id\":\"https:\/\/santamariaimmacolata.it\/#website\"},\"primaryImageOfPage\":{\"@id\":\"http:\/\/santamariaimmacolata.it\/?page_id=913#primaryimage\"},\"datePublished\":\"2020-04-28T08:05:57+00:00\",\"dateModified\":\"2020-04-28T08:05:57+00:00\",\"inLanguage\":\"it-IT\",\"potentialAction\":[{\"@type\":\"ReadAction\",\"target\":[\"http:\/\/santamariaimmacolata.it\/?page_id=913\"]}]}]}<\/script>\n<!-- \/ Yoast SEO plugin. -->","_links":{"self":[{"href":"https:\/\/santamariaimmacolata.it\/index.php?rest_route=\/wp\/v2\/pages\/913"}],"collection":[{"href":"https:\/\/santamariaimmacolata.it\/index.php?rest_route=\/wp\/v2\/pages"}],"about":[{"href":"https:\/\/santamariaimmacolata.it\/index.php?rest_route=\/wp\/v2\/types\/page"}],"author":[{"embeddable":true,"href":"https:\/\/santamariaimmacolata.it\/index.php?rest_route=\/wp\/v2\/users\/1"}],"replies":[{"embeddable":true,"href":"https:\/\/santamariaimmacolata.it\/index.php?rest_route=%2Fwp%2Fv2%2Fcomments&post=913"}],"version-history":[{"count":1,"href":"https:\/\/santamariaimmacolata.it\/index.php?rest_route=\/wp\/v2\/pages\/913\/revisions"}],"predecessor-version":[{"id":915,"href":"https:\/\/santamariaimmacolata.it\/index.php?rest_route=\/wp\/v2\/pages\/913\/revisions\/915"}],"wp:attachment":[{"href":"https:\/\/santamariaimmacolata.it\/index.php?rest_route=%2Fwp%2Fv2%2Fmedia&parent=913"}],"curies":[{"name":"wp","href":"https:\/\/api.w.org\/{rel}","templated":true}]}}