{"id":916,"date":"2020-04-28T10:15:03","date_gmt":"2020-04-28T08:15:03","guid":{"rendered":"http:\/\/santamariaimmacolata.it\/?page_id=916"},"modified":"2026-03-09T10:14:21","modified_gmt":"2026-03-09T09:14:21","slug":"organo-lingiardi","status":"publish","type":"page","link":"https:\/\/santamariaimmacolata.it\/?page_id=916","title":{"rendered":"Organo Lingiardi"},"content":{"rendered":"<p>Nella nostra chiesa arcipretale \u00e8 collocato un pregevole organo <em><strong>Lingiardi 1882 opus<\/strong>.<\/em><\/p>\n<p dir=\"ltr\" style=\"text-align: justify;\"><strong>NEL 2022\u00a0 L&#8217;ORGANO LINGIARDI\u00a0 <\/strong>ha subito un\u00a0 lungo e complesso lavoro di restauro per riportare questo pregevole strumento alle sue antiche sonorit\u00e0. Grazie alla generosit\u00e0 di\u00a0 coloro che hanno contribuito per finanziare le delicate operazioni di restauro di questo patrimonio comune di tutta la nostra comunit\u00e0, l&#8217;organo \u00e8 tornato al suo splendore originario. Il restauro \u00e8 stato realizzato da\u00a0 Silvio Micheli &#8211; Volta Mantovana &#8211; MN Attualmente l&#8217;organo \u00e8 utilizzato per le celebrazioni della S. messa e per alcuni concerti di musica sacra\u00a0 organizzati dalla Parrocchia in collaborazioni con le diverse associazioni del paese. Lo strumento \u00e8 collocato nella cantoria sinistra del presbiterio in cassa a unico scomparto, facciata tricuspidata.<\/p>\n<p class=\"zfr3Q\" dir=\"ltr\">Lo strumento \u00e8 a trasmissione meccanica e conserva le caratteristiche originarie.<\/p>\n<p class=\"zfr3Q\" dir=\"ltr\">Unica tastiera di 61 tasti (Do-Do)<\/p>\n<p class=\"zfr3Q\" dir=\"ltr\">Divisione bassi-soprani in si2-do3.<\/p>\n<p class=\"zfr3Q\" dir=\"ltr\">Pedaliera lineare di pedali 17, reali i primi 12.<\/p>\n<div data-canvas-width=\"540.0799999999998\">Disposizione dei registri comandati con manette in doppia fila a destra della tastiera:<\/div>\n<div data-canvas-width=\"125.0266666666667\"><strong>Manette Fila interna\u00a0 \u00a0 \u00a0 \u00a0 \u00a0 \u00a0 \u00a0 \u00a0 \u00a0 \u00a0 \u00a0 \u00a0 \u00a0 \u00a0 \u00a0 \u00a0 \u00a0 \u00a0 \u00a0N. canne <\/strong>\u00a0 \u00a0 \u00a0 \u00a0 \u00a0 \u00a0 \u00a0 \u00a0 \u00a0 \u00a0 \u00a0 \u00a0<strong>Manette Fila esterna\u00a0 \u00a0 \u00a0 \u00a0 \u00a0 \u00a0 \u00a0 \u00a0 \u00a0 \u00a0 \u00a0 \u00a0 \u00a0 \u00a0 \u00a0 N. canne<\/strong><\/div>\n<div data-canvas-width=\"55.37333333333322\"><\/div>\n<table style=\"border-collapse: collapse; width: 100%; height: 240px;\">\n<tbody>\n<tr style=\"height: 24px;\">\n<td style=\"width: 12.5%; height: 24px;\">Voce umana<\/td>\n<td style=\"width: 12.5%; height: 24px; text-align: center;\">\u00a08&#8242;<\/td>\n<td style=\"width: 12.5%; text-align: center; height: 24px;\">S<\/td>\n<td style=\"width: 12.5%; height: 24px; text-align: center;\">37<\/td>\n<td style=\"width: 12.5%; height: 24px;\">Terza mano<\/td>\n<td style=\"width: 12.5%; height: 24px; text-align: center;\"><\/td>\n<td style=\"width: 12.5%; height: 24px; text-align: center;\"><\/td>\n<td style=\"width: 12.5%; height: 24px; text-align: center;\"><\/td>\n<\/tr>\n<tr style=\"height: 24px;\">\n<td style=\"width: 12.5%; height: 24px;\">Corni dolci<\/td>\n<td style=\"width: 12.5%; height: 24px; text-align: center;\">16&#8242;<\/td>\n<td style=\"width: 12.5%; height: 24px; text-align: center;\">S<\/td>\n<td style=\"width: 12.5%; height: 24px; text-align: center;\">37<\/td>\n<td style=\"width: 12.5%; height: 24px;\">Campanelli<\/td>\n<td style=\"width: 12.5%; height: 24px; text-align: center;\"><\/td>\n<td style=\"width: 12.5%; height: 24px; text-align: center;\"><\/td>\n<td style=\"width: 12.5%; height: 24px; text-align: center;\"><\/td>\n<\/tr>\n<tr style=\"height: 24px;\">\n<td style=\"width: 12.5%; height: 24px;\"><span style=\"color: #3366ff;\">Flauto in selva<\/span><\/td>\n<td style=\"width: 12.5%; height: 24px; text-align: center;\"><span style=\"color: #3366ff;\">8&#8242;<\/span><\/td>\n<td style=\"width: 12.5%; height: 24px; text-align: center;\"><span style=\"color: #3366ff;\">S<\/span><\/td>\n<td style=\"width: 12.5%; height: 24px; text-align: center;\"><span style=\"color: #3366ff;\">37<\/span><\/td>\n<td style=\"width: 12.5%; height: 24px;\">Principale ( dal 2\u00b0 Do)<\/td>\n<td style=\"width: 12.5%; height: 24px; text-align: center;\">16&#8242;<\/td>\n<td style=\"width: 12.5%; height: 24px; text-align: center;\">B<\/td>\n<td style=\"width: 12.5%; height: 24px; text-align: center;\">12<\/td>\n<\/tr>\n<tr style=\"height: 24px;\">\n<td style=\"width: 12.5%; height: 24px;\"><span style=\"color: #3366ff;\">Dulciana\u00a0<\/span><\/td>\n<td style=\"width: 12.5%; height: 24px; text-align: center;\"><span style=\"color: #3366ff;\">4&#8242;<\/span><\/td>\n<td style=\"width: 12.5%; height: 24px; text-align: center;\"><span style=\"color: #3366ff;\">B<\/span><\/td>\n<td style=\"width: 12.5%; height: 24px; text-align: center;\"><span style=\"color: #3366ff;\">24<\/span><\/td>\n<td style=\"width: 12.5%; height: 24px;\">Principale<\/td>\n<td style=\"width: 12.5%; height: 24px; text-align: center;\">16&#8242;<\/td>\n<td style=\"width: 12.5%; height: 24px; text-align: center;\">S<\/td>\n<td style=\"width: 12.5%; height: 24px; text-align: center;\">37<\/td>\n<\/tr>\n<tr style=\"height: 24px;\">\n<td style=\"width: 12.5%; height: 24px;\">Fluta<\/td>\n<td style=\"width: 12.5%; height: 24px; text-align: center;\">8&#8242;<\/td>\n<td style=\"width: 12.5%; height: 24px; text-align: center;\">S<\/td>\n<td style=\"width: 12.5%; height: 24px; text-align: center;\">37<\/td>\n<td style=\"width: 12.5%; height: 24px;\">Principale<\/td>\n<td style=\"width: 12.5%; height: 24px; text-align: center;\">8&#8242;<\/td>\n<td style=\"width: 12.5%; height: 24px; text-align: center;\">B<\/td>\n<td style=\"width: 12.5%; height: 24px; text-align: center;\">24<\/td>\n<\/tr>\n<tr style=\"height: 24px;\">\n<td style=\"width: 12.5%; height: 24px;\"><span style=\"color: #3366ff;\">Viola<\/span><\/td>\n<td style=\"width: 12.5%; height: 24px; text-align: center;\"><span style=\"color: #3366ff;\">4&#8242;<\/span><\/td>\n<td style=\"width: 12.5%; height: 24px; text-align: center;\"><span style=\"color: #3366ff;\">B<\/span><\/td>\n<td style=\"width: 12.5%; height: 24px; text-align: center;\"><span style=\"color: #3366ff;\">24<\/span><\/td>\n<td style=\"width: 12.5%; height: 24px;\">Principale<\/td>\n<td style=\"width: 12.5%; height: 24px; text-align: center;\">8&#8242;<\/td>\n<td style=\"width: 12.5%; height: 24px; text-align: center;\">S<\/td>\n<td style=\"width: 12.5%; height: 24px; text-align: center;\">37<\/td>\n<\/tr>\n<tr style=\"height: 24px;\">\n<td style=\"width: 12.5%; height: 24px;\">Tromba<\/td>\n<td style=\"width: 12.5%; height: 24px; text-align: center;\">8&#8242;<\/td>\n<td style=\"width: 12.5%; height: 24px; text-align: center;\">S<\/td>\n<td style=\"width: 12.5%; height: 24px; text-align: center;\">37<\/td>\n<td style=\"width: 12.5%; height: 24px;\">Ottava<\/td>\n<td style=\"width: 12.5%; height: 24px; text-align: center;\">4&#8242;<\/td>\n<td style=\"width: 12.5%; height: 24px; text-align: center;\">B<\/td>\n<td style=\"width: 12.5%; height: 24px; text-align: center;\">24<\/td>\n<\/tr>\n<tr style=\"height: 24px;\">\n<td style=\"width: 12.5%; height: 24px;\">Fagotto<\/td>\n<td style=\"width: 12.5%; height: 24px; text-align: center;\">8&#8242;<\/td>\n<td style=\"width: 12.5%; height: 24px; text-align: center;\">B<\/td>\n<td style=\"width: 12.5%; height: 24px; text-align: center;\">24<\/td>\n<td style=\"width: 12.5%; height: 24px;\">Ottava<\/td>\n<td style=\"width: 12.5%; height: 24px; text-align: center;\">4&#8242;<\/td>\n<td style=\"width: 12.5%; height: 24px; text-align: center;\">S<\/td>\n<td style=\"width: 12.5%; height: 24px; text-align: center;\">37<\/td>\n<\/tr>\n<tr style=\"height: 24px;\">\n<td style=\"width: 12.5%; height: 24px;\"><span style=\"color: #3366ff;\">Violoncello\u00a0<\/span><\/td>\n<td style=\"width: 12.5%; height: 24px; text-align: center;\"><span style=\"color: #3366ff;\">16&#8242;<\/span><\/td>\n<td style=\"width: 12.5%; height: 24px; text-align: center;\"><span style=\"color: #3366ff;\">S<\/span><\/td>\n<td style=\"width: 12.5%; height: 24px; text-align: center;\"><span style=\"color: #3366ff;\">37<\/span><\/td>\n<td style=\"width: 12.5%; height: 24px;\">Duodecima<\/td>\n<td style=\"width: 12.5%; height: 24px; text-align: center;\">2&#8242; 2\/3<\/td>\n<td style=\"width: 12.5%; height: 24px; text-align: center;\">B<\/td>\n<td style=\"width: 12.5%; height: 24px; text-align: center;\">24<\/td>\n<\/tr>\n<tr style=\"height: 24px;\">\n<td style=\"width: 12.5%; height: 24px;\"><span style=\"color: #3366ff;\">Corno inglese<\/span><\/td>\n<td style=\"width: 12.5%; height: 24px; text-align: center;\"><span style=\"color: #3366ff;\">16&#8242;<\/span><\/td>\n<td style=\"width: 12.5%; height: 24px; text-align: center;\"><span style=\"color: #3366ff;\">S<\/span><\/td>\n<td style=\"width: 12.5%; height: 24px; text-align: center;\"><span style=\"color: #3366ff;\">37<\/span><\/td>\n<td style=\"width: 12.5%; height: 24px;\">Duodecima<\/td>\n<td style=\"width: 12.5%; height: 24px; text-align: center;\">2&#8242; 2\/3<\/td>\n<td style=\"width: 12.5%; height: 24px; text-align: center;\">S<\/td>\n<td style=\"width: 12.5%; height: 24px; text-align: center;\">37<\/td>\n<\/tr>\n<\/tbody>\n<\/table>\n<div data-canvas-width=\"113.29333333333336\">\n<table style=\"border-collapse: collapse; width: 100%; height: 116px;\">\n<tbody>\n<tr style=\"height: 24px;\">\n<td style=\"width: 12.5%; height: 24px;\"><span style=\"color: #3366ff;\">Clarone\u00a0<\/span><\/td>\n<td style=\"width: 12.5%; text-align: center; height: 24px;\"><span style=\"color: #3366ff;\">4&#8242;<\/span><\/td>\n<td style=\"width: 12.5%; height: 24px; text-align: center;\"><span style=\"color: #3366ff;\">B<\/span><\/td>\n<td style=\"width: 12.5%; height: 24px; text-align: center;\"><span style=\"color: #3366ff;\">24<\/span><\/td>\n<td style=\"width: 12.5%; height: 24px;\">Decima quinta<\/td>\n<td style=\"width: 12.5%; height: 24px; text-align: center;\">2&#8242;<\/td>\n<td style=\"width: 12.5%; height: 24px; text-align: center;\"><\/td>\n<td style=\"width: 12.5%; height: 24px; text-align: center;\">61<\/td>\n<\/tr>\n<tr style=\"height: 20px;\">\n<td style=\"width: 12.5%; height: 20px;\"><span style=\"color: #3366ff;\">Ottavino\u00a0<\/span><\/td>\n<td style=\"width: 12.5%; height: 20px; text-align: center;\"><span style=\"color: #3366ff;\">2&#8242;<\/span><\/td>\n<td style=\"width: 12.5%; height: 20px; text-align: center;\"><span style=\"color: #3366ff;\">S<\/span><\/td>\n<td style=\"width: 12.5%; height: 20px; text-align: center;\"><span style=\"color: #3366ff;\">37<\/span><\/td>\n<td style=\"width: 12.5%; height: 20px;\">Decima nona<\/td>\n<td style=\"width: 12.5%; height: 20px; text-align: center;\">1&#8242; 1\/3<\/td>\n<td style=\"width: 12.5%; height: 20px;\"><\/td>\n<td style=\"width: 12.5%; height: 20px; text-align: center;\">61<\/td>\n<\/tr>\n<tr style=\"height: 24px;\">\n<td style=\"width: 12.5%; height: 24px;\">Cornetto 3 file<\/td>\n<td style=\"width: 12.5%; height: 24px; text-align: center;\"><\/td>\n<td style=\"width: 12.5%; height: 24px; text-align: center;\">S<\/td>\n<td style=\"width: 12.5%; height: 24px; text-align: center;\">111<\/td>\n<td style=\"width: 12.5%; height: 24px;\">Quattro file di ripieno<\/td>\n<td style=\"width: 12.5%; height: 24px; text-align: center;\"><\/td>\n<td style=\"width: 12.5%; height: 24px;\"><\/td>\n<td style=\"width: 12.5%; height: 24px; text-align: center;\">244<\/td>\n<\/tr>\n<tr style=\"height: 24px;\">\n<td style=\"width: 12.5%; height: 24px;\">Bombardino<\/td>\n<td style=\"width: 12.5%; height: 24px; text-align: center;\">12&#8242;<\/td>\n<td style=\"width: 12.5%; height: 24px; text-align: center;\">Ped.<\/td>\n<td style=\"width: 12.5%; height: 24px; text-align: center;\">12<\/td>\n<td style=\"width: 12.5%; height: 24px;\">Quattro file di ripieno<\/td>\n<td style=\"width: 12.5%; height: 24px;\"><\/td>\n<td style=\"width: 12.5%; height: 24px;\"><\/td>\n<td style=\"width: 12.5%; height: 24px; text-align: center;\">244<\/td>\n<\/tr>\n<tr style=\"height: 24px;\">\n<td style=\"width: 12.5%; height: 24px;\"><span style=\"color: #3366ff;\">Timpani\u00a0<\/span><\/td>\n<td style=\"width: 12.5%; height: 24px;\"><\/td>\n<td style=\"width: 12.5%; height: 24px; text-align: center;\"><span style=\"color: #3366ff;\">Ped.<\/span><\/td>\n<td style=\"width: 12.5%; height: 24px; text-align: center;\"><span style=\"color: #3366ff;\">13<\/span><\/td>\n<td style=\"width: 12.5%; height: 24px;\">Contrabbassi e rinforzi 16&#8242; + 8&#8242;<\/td>\n<td style=\"width: 12.5%; height: 24px;\"><\/td>\n<td style=\"width: 12.5%; height: 24px;\"><\/td>\n<td style=\"width: 12.5%; height: 24px; text-align: center;\">6<\/td>\n<\/tr>\n<\/tbody>\n<\/table>\n<\/div>\n<div data-canvas-width=\"113.29333333333336\"><\/div>\n<div data-canvas-width=\"113.29333333333336\">\u00a0 \u00a0 \u00a0 \u00a0 \u00a0 \u00a0 \u00a0 \u00a0 \u00a0 \u00a0 \u00a0 \u00a0 \u00a0 \u00a0 \u00a0 \u00a0 \u00a0 \u00a0 \u00a0 \u00a0 \u00a0 \u00a0 \u00a0 \u00a0 \u00a0 \u00a0 \u00a0 \u00a0 \u00a0 \u00a0 \u00a0 \u00a0 \u00a0 \u00a0 \u00a0 \u00a0<strong>Totale canne\u00a0 \u00a0 \u00a0 \u00a0 \u00a0 528\u00a0 \u00a0 \u00a0 \u00a0 \u00a0 \u00a0 \u00a0 \u00a0 \u00a0 \u00a0 \u00a0 \u00a0 \u00a0 \u00a0 \u00a0 \u00a0 \u00a0 \u00a0 \u00a0 \u00a0 \u00a0 \u00a0 \u00a0 \u00a0 \u00a0 \u00a0 \u00a0 \u00a0 \u00a0 \u00a0 \u00a0 \u00a0 Totale canne\u00a0 \u00a0 \u00a0848<\/strong><\/div>\n<div data-canvas-width=\"113.29333333333336\"><\/div>\n<div data-canvas-width=\"113.29333333333336\"><span style=\"color: #3366ff;\">Canne del Rollante: 4<\/span><\/div>\n<div data-canvas-width=\"157.68\">Canne mute in facciata 16\u2019 4<\/div>\n<div data-canvas-width=\"85.05333333333337\"><span style=\"color: #3366ff;\">Cassa e piatto<\/span><\/div>\n<div data-canvas-width=\"293.8266666666664\">(B = Bassi (Do1 \u2013 Si 2) &#8211; S = Soprani (Do3 \u2013 Do6)<\/div>\n<div data-canvas-width=\"508.66666666666663\">I Rinforzi ai contrabbassi sono le 12 canne di legno del principale 16&#8242; bassi, Do2 \u2013 Si2.<\/div>\n<div data-canvas-width=\"402.50666666666643\">Canne di metallo n. 1.325 di cui ad anima n. 1.166, ad ancia n. 159.<\/div>\n<div data-canvas-width=\"89.58666666666672\">Canne di legno n. 59 di cui ad anima n. 47, ad ancia n. 12.<\/div>\n<div data-canvas-width=\"159.87999999999994\">&#8212;&#8212;&#8212;&#8212;&#8212;&#8212;&#8212;&#8212;&#8212;&#8212;&#8212;&#8212;<\/div>\n<div data-canvas-width=\"76.93333333333338\"><strong>Totale canne n. 1. 384\u00a0<\/strong><\/div>\n<p class=\"zfr3Q\" dir=\"ltr\">Pedaletti:<\/p>\n<div data-canvas-width=\"503.26666666666665\">Pedale del \u201cRipieno\u201d inserisce i registri dal Principale 16\u2019 B al Contrabbassi e rinforzi.<\/div>\n<div data-canvas-width=\"564.6666666666667\">Pedale \u201cPreparati\u201d o combinazione libera alla \u201cLombarda\u201d inserisce solo alcuni registri preparati<\/div>\n<div data-canvas-width=\"82.14666666666672\">dall\u2019organista.<\/div>\n<div data-canvas-width=\"49.58666666666668\">Pedale <span style=\"color: #3366ff;\">\u201cCassa, Piatto\u201d<\/span><\/div>\n<div data-canvas-width=\"430.01333333333315\">Pedale \u201cCampanelli\u201d o \u201cSistri alla tastiera\u201d posizionato sopra la pedaliera.<\/div>\n<div data-canvas-width=\"470.6133333333331\">Pedale \u201cTerza mano\u201d o \u201cAccoppia ottava\u201d ultima stecca a destra della pedaliera.<\/div>\n<div data-canvas-width=\"49.58666666666668\">Pedale \u201c<span style=\"color: #3366ff;\">Timballone\u201d +\u201cRollo \u201d<\/span> penultima stecca a destra della pedaliera.<\/div>\n<div data-canvas-width=\"49.58666666666668\"><\/div>\n<div data-canvas-width=\"49.58666666666668\">\n<div data-canvas-width=\"609.093333333333\">Sei pedaleve poste sotto la pedaliera inseriscono i seguenti registri senza staccar le mani dalla tastiera:<\/div>\n<div>\uf0b7Ottavino<\/div>\n<div>\uf0b7Duodecima Soprani<\/div>\n<div>\uf0b7Viola Bassi- Flauto Traverso soprani<\/div>\n<div>\uf0b7Tromba soprani<\/div>\n<div>\uf0b7violoncello soprani<\/div>\n<div>\uf0b7Fagotto bassi<\/div>\n<\/div>\n<div><\/div>\n<div><span style=\"color: #3366ff;\"><strong>N.B: in azzurro i registri e accessori rispristinati con il restauro\u00a0<\/strong><\/span><\/div>\n<p dir=\"ltr\">Scheda dal libro di don Lino Leali, Damiano Rossi e Guglielmo Ughini \u201cGli organi del Mantovano\u201d, 1985.<\/p>\n<p dir=\"ltr\">Nella serata del 20 novembre 2022, in occasione dell&#8217;inaugurazione dell&#8217;organo restaurato, \u00e8 stato eseguito un concerto a cura dei maestri rivarolesi Claudio Leoni e Lorenzo Bonoldi, orgoglio e vanto per il nostro paese.<\/p>\n<p><img loading=\"lazy\" decoding=\"async\" class=\"alignleft wp-image-2704\" src=\"http:\/\/santamariaimmacolata.it\/wp-content\/uploads\/2025\/12\/immagine-organo-1-1-300x146.jpg\" alt=\"\" width=\"452\" height=\"220\" srcset=\"https:\/\/santamariaimmacolata.it\/wp-content\/uploads\/2025\/12\/immagine-organo-1-1-300x146.jpg 300w, https:\/\/santamariaimmacolata.it\/wp-content\/uploads\/2025\/12\/immagine-organo-1-1-1024x500.jpg 1024w, https:\/\/santamariaimmacolata.it\/wp-content\/uploads\/2025\/12\/immagine-organo-1-1-768x375.jpg 768w, https:\/\/santamariaimmacolata.it\/wp-content\/uploads\/2025\/12\/immagine-organo-1-1-1536x750.jpg 1536w, https:\/\/santamariaimmacolata.it\/wp-content\/uploads\/2025\/12\/immagine-organo-1-1-2048x1000.jpg 2048w, https:\/\/santamariaimmacolata.it\/wp-content\/uploads\/2025\/12\/immagine-organo-1-1-640x313.jpg 640w\" sizes=\"(max-width: 452px) 100vw, 452px\" \/><\/p>\n<p><img loading=\"lazy\" decoding=\"async\" class=\"alignleft wp-image-2705\" src=\"http:\/\/santamariaimmacolata.it\/wp-content\/uploads\/2025\/12\/immagine-organo-2-2-200x300.jpg\" alt=\"\" width=\"358\" height=\"537\" srcset=\"https:\/\/santamariaimmacolata.it\/wp-content\/uploads\/2025\/12\/immagine-organo-2-2-200x300.jpg 200w, https:\/\/santamariaimmacolata.it\/wp-content\/uploads\/2025\/12\/immagine-organo-2-2-683x1024.jpg 683w, https:\/\/santamariaimmacolata.it\/wp-content\/uploads\/2025\/12\/immagine-organo-2-2-768x1152.jpg 768w, https:\/\/santamariaimmacolata.it\/wp-content\/uploads\/2025\/12\/immagine-organo-2-2-1024x1536.jpg 1024w, https:\/\/santamariaimmacolata.it\/wp-content\/uploads\/2025\/12\/immagine-organo-2-2-1365x2048.jpg 1365w, https:\/\/santamariaimmacolata.it\/wp-content\/uploads\/2025\/12\/immagine-organo-2-2-640x960.jpg 640w, https:\/\/santamariaimmacolata.it\/wp-content\/uploads\/2025\/12\/immagine-organo-2-2-scaled.jpg 1707w\" sizes=\"(max-width: 358px) 100vw, 358px\" \/><\/p>\n<p dir=\"ltr\"><img loading=\"lazy\" decoding=\"async\" class=\"alignleft wp-image-919\" src=\"http:\/\/santamariaimmacolata.it\/wp-content\/uploads\/2020\/04\/RIVAROLO-2-705x397-1-300x169.jpg\" alt=\"\" width=\"343\" height=\"193\" srcset=\"https:\/\/santamariaimmacolata.it\/wp-content\/uploads\/2020\/04\/RIVAROLO-2-705x397-1-300x169.jpg 300w, https:\/\/santamariaimmacolata.it\/wp-content\/uploads\/2020\/04\/RIVAROLO-2-705x397-1-640x360.jpg 640w, https:\/\/santamariaimmacolata.it\/wp-content\/uploads\/2020\/04\/RIVAROLO-2-705x397-1.jpg 705w\" sizes=\"(max-width: 343px) 100vw, 343px\" \/><img loading=\"lazy\" decoding=\"async\" class=\"alignleft wp-image-918\" src=\"http:\/\/santamariaimmacolata.it\/wp-content\/uploads\/2020\/04\/RIVAROLO-1-388x705-1-165x300.jpg\" alt=\"\" width=\"217\" height=\"395\" srcset=\"https:\/\/santamariaimmacolata.it\/wp-content\/uploads\/2020\/04\/RIVAROLO-1-388x705-1-165x300.jpg 165w, https:\/\/santamariaimmacolata.it\/wp-content\/uploads\/2020\/04\/RIVAROLO-1-388x705-1.jpg 388w\" sizes=\"(max-width: 217px) 100vw, 217px\" \/><img loading=\"lazy\" decoding=\"async\" class=\"alignleft wp-image-920\" src=\"http:\/\/santamariaimmacolata.it\/wp-content\/uploads\/2020\/04\/RIVAROLO-6-705x529-1-300x225.jpg\" alt=\"\" width=\"335\" height=\"251\" srcset=\"https:\/\/santamariaimmacolata.it\/wp-content\/uploads\/2020\/04\/RIVAROLO-6-705x529-1-300x225.jpg 300w, https:\/\/santamariaimmacolata.it\/wp-content\/uploads\/2020\/04\/RIVAROLO-6-705x529-1-640x480.jpg 640w, https:\/\/santamariaimmacolata.it\/wp-content\/uploads\/2020\/04\/RIVAROLO-6-705x529-1.jpg 705w\" sizes=\"(max-width: 335px) 100vw, 335px\" \/><\/p>\n","protected":false},"excerpt":{"rendered":"<p>Nella nostra chiesa arcipretale \u00e8 collocato un pregevole organo Lingiardi 1882 opus. NEL 2022\u00a0 L&#8217;ORGANO LINGIARDI\u00a0 ha subito un\u00a0 lungo e complesso lavoro di restauro per riportare questo pregevole strumento [&hellip;]<\/p>\n","protected":false},"author":1,"featured_media":0,"parent":879,"menu_order":0,"comment_status":"closed","ping_status":"closed","template":"","meta":{"footnotes":""},"yoast_head":"<!-- This site is optimized with the Yoast SEO plugin v14.7 - https:\/\/yoast.com\/wordpress\/plugins\/seo\/ -->\n<title>Organo Lingiardi - Santa Maria Immacolata<\/title>\n<meta name=\"robots\" content=\"index, follow\" \/>\n<meta name=\"googlebot\" content=\"index, follow, max-snippet:-1, max-image-preview:large, max-video-preview:-1\" \/>\n<meta name=\"bingbot\" content=\"index, follow, max-snippet:-1, max-image-preview:large, max-video-preview:-1\" \/>\n<link rel=\"canonical\" href=\"https:\/\/santamariaimmacolata.it\/?page_id=916\" \/>\n<meta property=\"og:locale\" content=\"it_IT\" \/>\n<meta property=\"og:type\" content=\"article\" \/>\n<meta property=\"og:title\" content=\"Organo Lingiardi - Santa Maria Immacolata\" \/>\n<meta property=\"og:description\" content=\"Nella nostra chiesa arcipretale \u00e8 collocato un pregevole organo Lingiardi 1882 opus. NEL 2022\u00a0 L&#8217;ORGANO LINGIARDI\u00a0 ha subito un\u00a0 lungo e complesso lavoro di restauro per riportare questo pregevole strumento [&hellip;]\" \/>\n<meta property=\"og:url\" content=\"https:\/\/santamariaimmacolata.it\/?page_id=916\" \/>\n<meta property=\"og:site_name\" content=\"Santa Maria Immacolata\" \/>\n<meta property=\"article:modified_time\" content=\"2026-03-09T09:14:21+00:00\" \/>\n<meta property=\"og:image\" content=\"http:\/\/santamariaimmacolata.it\/wp-content\/uploads\/2025\/12\/immagine-organo-1-1-300x146.jpg\" \/>\n<meta name=\"twitter:card\" content=\"summary_large_image\" \/>\n<script type=\"application\/ld+json\" class=\"yoast-schema-graph\">{\"@context\":\"https:\/\/schema.org\",\"@graph\":[{\"@type\":\"WebSite\",\"@id\":\"https:\/\/santamariaimmacolata.it\/#website\",\"url\":\"https:\/\/santamariaimmacolata.it\/\",\"name\":\"Santa Maria Immacolata\",\"description\":\"Unit\\u00e0 Pastorale di Rivarolo Mantovano, Cividale e Spineda\",\"potentialAction\":[{\"@type\":\"SearchAction\",\"target\":\"https:\/\/santamariaimmacolata.it\/?s={search_term_string}\",\"query-input\":\"required name=search_term_string\"}],\"inLanguage\":\"it-IT\"},{\"@type\":\"ImageObject\",\"@id\":\"https:\/\/santamariaimmacolata.it\/?page_id=916#primaryimage\",\"inLanguage\":\"it-IT\",\"url\":\"http:\/\/santamariaimmacolata.it\/wp-content\/uploads\/2025\/12\/immagine-organo-1-1-300x146.jpg\"},{\"@type\":\"WebPage\",\"@id\":\"https:\/\/santamariaimmacolata.it\/?page_id=916#webpage\",\"url\":\"https:\/\/santamariaimmacolata.it\/?page_id=916\",\"name\":\"Organo Lingiardi - Santa Maria Immacolata\",\"isPartOf\":{\"@id\":\"https:\/\/santamariaimmacolata.it\/#website\"},\"primaryImageOfPage\":{\"@id\":\"https:\/\/santamariaimmacolata.it\/?page_id=916#primaryimage\"},\"datePublished\":\"2020-04-28T08:15:03+00:00\",\"dateModified\":\"2026-03-09T09:14:21+00:00\",\"inLanguage\":\"it-IT\",\"potentialAction\":[{\"@type\":\"ReadAction\",\"target\":[\"https:\/\/santamariaimmacolata.it\/?page_id=916\"]}]}]}<\/script>\n<!-- \/ Yoast SEO plugin. -->","_links":{"self":[{"href":"https:\/\/santamariaimmacolata.it\/index.php?rest_route=\/wp\/v2\/pages\/916"}],"collection":[{"href":"https:\/\/santamariaimmacolata.it\/index.php?rest_route=\/wp\/v2\/pages"}],"about":[{"href":"https:\/\/santamariaimmacolata.it\/index.php?rest_route=\/wp\/v2\/types\/page"}],"author":[{"embeddable":true,"href":"https:\/\/santamariaimmacolata.it\/index.php?rest_route=\/wp\/v2\/users\/1"}],"replies":[{"embeddable":true,"href":"https:\/\/santamariaimmacolata.it\/index.php?rest_route=%2Fwp%2Fv2%2Fcomments&post=916"}],"version-history":[{"count":21,"href":"https:\/\/santamariaimmacolata.it\/index.php?rest_route=\/wp\/v2\/pages\/916\/revisions"}],"predecessor-version":[{"id":2850,"href":"https:\/\/santamariaimmacolata.it\/index.php?rest_route=\/wp\/v2\/pages\/916\/revisions\/2850"}],"up":[{"embeddable":true,"href":"https:\/\/santamariaimmacolata.it\/index.php?rest_route=\/wp\/v2\/pages\/879"}],"wp:attachment":[{"href":"https:\/\/santamariaimmacolata.it\/index.php?rest_route=%2Fwp%2Fv2%2Fmedia&parent=916"}],"curies":[{"name":"wp","href":"https:\/\/api.w.org\/{rel}","templated":true}]}}